{"id":253,"date":"2023-02-23T12:21:21","date_gmt":"2023-02-23T12:21:21","guid":{"rendered":"https:\/\/cc.foodys.ch\/?page_id=253"},"modified":"2023-02-27T15:06:17","modified_gmt":"2023-02-27T15:06:17","slug":"home-2","status":"publish","type":"page","link":"https:\/\/cappuccinoclub.ch\/","title":{"rendered":"Home"},"content":{"rendered":"\n<div class=\"wp-block-cover\" style=\"min-height:709px;aspect-ratio:unset;\"><span aria-hidden=\"true\" class=\"wp-block-cover__background has-background-dim\"><\/span><img loading=\"lazy\" decoding=\"async\" width=\"1252\" height=\"685\" class=\"wp-block-cover__image-background wp-image-50\" alt=\"\" src=\"https:\/\/cappuccinoclub.ch\/wp-content\/uploads\/2023\/02\/Cappuccino-10-e1677162037582.jpg\" data-object-fit=\"cover\" srcset=\"https:\/\/cappuccinoclub.ch\/wp-content\/uploads\/2023\/02\/Cappuccino-10-e1677162037582.jpg 1252w, https:\/\/cappuccinoclub.ch\/wp-content\/uploads\/2023\/02\/Cappuccino-10-e1677162037582-300x164.jpg 300w, https:\/\/cappuccinoclub.ch\/wp-content\/uploads\/2023\/02\/Cappuccino-10-e1677162037582-1024x560.jpg 1024w, https:\/\/cappuccinoclub.ch\/wp-content\/uploads\/2023\/02\/Cappuccino-10-e1677162037582-768x420.jpg 768w\" sizes=\"auto, (max-width: 1252px) 100vw, 1252px\" \/><div class=\"wp-block-cover__inner-container is-layout-flow wp-block-cover-is-layout-flow\">\n<p class=\"has-text-align-center has-text-color\" style=\"color:#a78a49;font-size:clamp(37.821px, 2.364rem + ((1vw - 3.2px) * 2.514), 70px);font-style:normal;font-weight:700\">G\u00f6nnen Sie sich eine Kaffeepause! <\/p>\n<\/div><\/div>\n\n\n\n<div class=\"wp-block-columns is-layout-flex wp-container-core-columns-is-layout-28f84493 wp-block-columns-is-layout-flex\">\n<div class=\"wp-block-column is-layout-flow wp-block-column-is-layout-flow\">\n<figure class=\"wp-block-image size-full\" id=\"club-card\"><a href=\"https:\/\/cappuccinoclub.ch\/?page_id=156\"><img loading=\"lazy\" decoding=\"async\" width=\"321\" height=\"208\" src=\"https:\/\/cappuccinoclub.ch\/wp-content\/uploads\/2023\/02\/cc_karte-mit-transparentem-Hintergrund.gif\" alt=\"\" class=\"wp-image-93\"\/><\/a><\/figure>\n<\/div>\n\n\n\n<div class=\"wp-block-column is-layout-flow wp-block-column-is-layout-flow\">\n<h3>Jetzt doppelt sparen<\/h3>\n<p>F\u00fcr jeden Besuch und f\u00fcr jede Konsumation erhalten Sie wertvolle Punkte, die Sie direkt in der Filiale einl\u00f6sen k\u00f6nnen. Bereits \u00fcber 2&#8217;500 Mitglieder profitieren von attraktiven Aktionen und lukrativen Wettbewerben. Werden auch Sie Mitglied, die Teilnahme ist kostenlos! <a title=\"Clubmitglied werden\" href=\"https:\/\/cappuccinoclub.ch\/?page_id=156\">Mehr Infos<\/a><\/p>\n<\/div>\n<\/div>\n\n\n\n<div class=\"wp-block-columns is-layout-flex wp-container-core-columns-is-layout-28f84493 wp-block-columns-is-layout-flex\">\n<div class=\"wp-block-column is-layout-flow wp-block-column-is-layout-flow\" style=\"flex-basis:66.66%\">\n<h3>Soziales Engagement<\/h3>\n<p>Jeder kann einen kleinen Beitrag leisten um die Welt zu verbessern. Wir sind uns unserer sozialen Verantwortung als Firma bewusst und handeln auch danach.<a title=\"Soziales Engagement\" href=\"https:\/\/cappuccinoclub.ch\/?page_id=168\"> Mehr Infos<\/a><\/p>\n<\/div>\n\n\n\n<div class=\"wp-block-column is-layout-flow wp-block-column-is-layout-flow\" style=\"flex-basis:33.33%\">\n<figure class=\"wp-block-image size-large\"><a href=\"https:\/\/www.hrnstiftung.org\" target=\"_blank\" rel=\"noreferrer noopener\"><img loading=\"lazy\" decoding=\"async\" width=\"1024\" height=\"1024\" src=\"https:\/\/cappuccinoclub.ch\/wp-content\/uploads\/2023\/02\/HRNS-flower-1024x1024.png\" alt=\"\" class=\"wp-image-99\" srcset=\"https:\/\/cappuccinoclub.ch\/wp-content\/uploads\/2023\/02\/HRNS-flower-1024x1024.png 1024w, https:\/\/cappuccinoclub.ch\/wp-content\/uploads\/2023\/02\/HRNS-flower-300x300.png 300w, https:\/\/cappuccinoclub.ch\/wp-content\/uploads\/2023\/02\/HRNS-flower-150x150.png 150w, https:\/\/cappuccinoclub.ch\/wp-content\/uploads\/2023\/02\/HRNS-flower-768x768.png 768w, https:\/\/cappuccinoclub.ch\/wp-content\/uploads\/2023\/02\/HRNS-flower.png 1117w\" sizes=\"auto, (max-width: 1024px) 100vw, 1024px\" \/><\/a><\/figure>\n<\/div>\n<\/div>\n\n\n\n<div class=\"wp-block-columns is-layout-flex wp-container-core-columns-is-layout-28f84493 wp-block-columns-is-layout-flex\">\n<div class=\"wp-block-column is-layout-flow wp-block-column-is-layout-flow\" style=\"flex-basis:33.33%\">\n<figure class=\"wp-block-image size-full\"><a href=\"https:\/\/bestofswissgastro.ch\/de\/\" target=\"_blank\" rel=\"noreferrer noopener\"><img loading=\"lazy\" decoding=\"async\" width=\"886\" height=\"886\" src=\"https:\/\/cappuccinoclub.ch\/wp-content\/uploads\/2023\/02\/bosg-guetesiegel-excellent4.jpg\" alt=\"\" class=\"wp-image-71\" srcset=\"https:\/\/cappuccinoclub.ch\/wp-content\/uploads\/2023\/02\/bosg-guetesiegel-excellent4.jpg 886w, https:\/\/cappuccinoclub.ch\/wp-content\/uploads\/2023\/02\/bosg-guetesiegel-excellent4-300x300.jpg 300w, https:\/\/cappuccinoclub.ch\/wp-content\/uploads\/2023\/02\/bosg-guetesiegel-excellent4-150x150.jpg 150w, https:\/\/cappuccinoclub.ch\/wp-content\/uploads\/2023\/02\/bosg-guetesiegel-excellent4-768x768.jpg 768w\" sizes=\"auto, (max-width: 886px) 100vw, 886px\" \/><\/a><\/figure>\n<\/div>\n\n\n\n<div class=\"wp-block-column is-layout-flow wp-block-column-is-layout-flow\" style=\"flex-basis:66.66%\">\n<h3>Best of Swiss Gastro<\/h3>\n<p>Der Cappuccino Club wurde nach 2013 f\u00fcr die Filiale Thun, nun auch im 2022 f\u00fcr die Filiale in Lupfig in der Kategorie &#8222;Coffee &amp; Bistro&#8220; nominiert!<\/p>\n<\/div>\n<\/div>\n\n\n\n<div class=\"wp-block-columns is-layout-flex wp-container-core-columns-is-layout-28f84493 wp-block-columns-is-layout-flex\">\n<div class=\"wp-block-column is-layout-flow wp-block-column-is-layout-flow\" style=\"flex-basis:66.66%\">\n<h3>Jobs im Cappuccino Club<\/h3>\n<p>Wir freuen uns auf Ihre Bewerbung! <a href=\"https:\/\/cappuccinoclub.ch\/?page_id=110\">Zum Job Inserat<\/a><\/p>\n<\/div>\n\n\n\n<div class=\"wp-block-column is-layout-flow wp-block-column-is-layout-flow\" style=\"flex-basis:33.33%\">\n<figure class=\"wp-block-image size-large\"><img loading=\"lazy\" decoding=\"async\" width=\"1024\" height=\"428\" src=\"https:\/\/cappuccinoclub.ch\/wp-content\/uploads\/2023\/02\/Cappuccino-8-1024x428.jpg\" alt=\"\" class=\"wp-image-52\" srcset=\"https:\/\/cappuccinoclub.ch\/wp-content\/uploads\/2023\/02\/Cappuccino-8-1024x428.jpg 1024w, https:\/\/cappuccinoclub.ch\/wp-content\/uploads\/2023\/02\/Cappuccino-8-300x125.jpg 300w, https:\/\/cappuccinoclub.ch\/wp-content\/uploads\/2023\/02\/Cappuccino-8-768x321.jpg 768w, https:\/\/cappuccinoclub.ch\/wp-content\/uploads\/2023\/02\/Cappuccino-8-1536x641.jpg 1536w, https:\/\/cappuccinoclub.ch\/wp-content\/uploads\/2023\/02\/Cappuccino-8-660x276.jpg 660w, https:\/\/cappuccinoclub.ch\/wp-content\/uploads\/2023\/02\/Cappuccino-8.jpg 1600w\" sizes=\"auto, (max-width: 1024px) 100vw, 1024px\" \/><\/figure>\n<\/div>\n<\/div>\n","protected":false},"excerpt":{"rendered":"<p>Jetzt doppelt sparen F\u00fcr jeden Besuch und f\u00fcr jede Konsumation erhalten Sie wertvolle Punkte, die Sie direkt in der Filiale einl\u00f6sen k\u00f6nnen. Bereits \u00fcber 2&#8217;500 Mitglieder profitieren von attraktiven Aktionen und lukrativen Wettbewerben. Werden auch Sie Mitglied, die Teilnahme ist kostenlos! Mehr Infos Soziales Engagement Jeder kann einen kleinen Beitrag leisten um die Welt zu [&hellip;]<\/p>\n","protected":false},"author":1,"featured_media":0,"parent":0,"menu_order":0,"comment_status":"closed","ping_status":"closed","template":"","meta":{"footnotes":""},"class_list":["post-253","page","type-page","status-publish","hentry"],"blocksy_meta":{"styles_descriptor":{"styles":{"desktop":"","tablet":"","mobile":""},"google_fonts":[],"version":6}},"jetpack_sharing_enabled":true,"_links":{"self":[{"href":"https:\/\/cappuccinoclub.ch\/index.php?rest_route=\/wp\/v2\/pages\/253","targetHints":{"allow":["GET"]}}],"collection":[{"href":"https:\/\/cappuccinoclub.ch\/index.php?rest_route=\/wp\/v2\/pages"}],"about":[{"href":"https:\/\/cappuccinoclub.ch\/index.php?rest_route=\/wp\/v2\/types\/page"}],"author":[{"embeddable":true,"href":"https:\/\/cappuccinoclub.ch\/index.php?rest_route=\/wp\/v2\/users\/1"}],"replies":[{"embeddable":true,"href":"https:\/\/cappuccinoclub.ch\/index.php?rest_route=%2Fwp%2Fv2%2Fcomments&post=253"}],"version-history":[{"count":17,"href":"https:\/\/cappuccinoclub.ch\/index.php?rest_route=\/wp\/v2\/pages\/253\/revisions"}],"predecessor-version":[{"id":320,"href":"https:\/\/cappuccinoclub.ch\/index.php?rest_route=\/wp\/v2\/pages\/253\/revisions\/320"}],"wp:attachment":[{"href":"https:\/\/cappuccinoclub.ch\/index.php?rest_route=%2Fwp%2Fv2%2Fmedia&parent=253"}],"curies":[{"name":"wp","href":"https:\/\/api.w.org\/{rel}","templated":true}]}}